{"id":20929,"date":"2022-08-25T10:53:26","date_gmt":"2022-08-25T07:53:26","guid":{"rendered":"https:\/\/mozz.gr\/?post_type=product&#038;p=20929"},"modified":"2023-04-21T20:22:45","modified_gmt":"2023-04-21T17:22:45","slug":"unisex-aroma-typou-bulgari-au-the-vert","status":"publish","type":"product","link":"https:\/\/mozz.gr\/en\/product\/unisex-aroma-typou-bulgari-au-the-vert\/","title":{"rendered":"Unisex Smell-a-like perfume Bulgari Au The Vert"},"content":{"rendered":"<p>Smell-a-like perfume<\/p>\n<p>Bulgari Eau Parfum\u00e9e au Th\u00e9 Vert (fragrance family: citrus) includes notes of bergamot, orange blossom, cardamom, coriander, pepper, jasmine, rose, woods, green tea. Available from major retailers and online. Similar fragrances include Jean-Claude Ellena\u2019s own The Different Company Osmanthus, a bolder, richer composition, Herm\u00e8s Eau de Pamplemousse Rose, a richer citrus idea. Calvin Klein CkOne, L\u2019Occitane Green Tea, and L\u2019Artisan Th\u00e9 pour un \u00c9t\u00e9 also explore the same radiant tea idea. There is also Bulgari Exreme Au Th\u00e9 Vert, a version embellished with richer rose and orange blossom notes and smoky woods.<\/p>\n<p>.<\/p>","protected":false},"excerpt":{"rendered":"<p>Smell-a-like perfume Bulgari Eau Parfum\u00e9e au Th\u00e9 Vert (fragrance family: citrus) includes notes of bergamot, orange blossom, cardamom, coriander, pepper, jasmine, rose, woods, green tea. Available from major retailers and online. Similar fragrances include Jean-Claude Ellena\u2019s own The Different Company Osmanthus, a bolder, richer composition, Herm\u00e8s Eau de Pamplemousse Rose, a richer citrus idea. Calvin [&hellip;]<\/p>\n","protected":false},"featured_media":17062,"template":"","meta":{"_acf_changed":false},"product_brand":[],"product_cat":[104,101],"product_tag":[219,213,663,234,662,236,226,229,227,204,225,233,224,231,230,661,221,207,214,212,206,217,218,216,211],"class_list":{"0":"post-20929","1":"product","2":"type-product","3":"status-publish","4":"has-post-thumbnail","6":"product_cat-unisex-aromata-tipou","7":"product_cat-aromata","8":"product_tag-gynaikeia-aromata-typou","9":"product_tag-chyma","10":"product_tag-au-the-vert","11":"product_tag-beauty","12":"product_tag-bulgari","13":"product_tag-eaudeparfum","14":"product_tag-fragrance","15":"product_tag-fragrances","16":"product_tag-parfum","17":"product_tag-perfume","18":"product_tag-perfumecollection","19":"product_tag-perfumelover","20":"product_tag-perfumes","21":"product_tag-perfumeshop","22":"product_tag-scent","23":"product_tag-scentoftheday","24":"product_tag-unisex","25":"product_tag-apomimiseis-aromaton","26":"product_tag-aromata","27":"product_tag-aromata-me-megali-diarkeia","28":"product_tag-aromata-typou","29":"product_tag-aromata-typou-eponymon","30":"product_tag-pista-antigrafa","31":"product_tag-pistes-apomimiseis","32":"product_tag-chyma-aromata-typou","33":"pa_entasi-aplo","34":"pa_entasi-enischymeno","35":"pa_size-in-ml-30ml","36":"pa_size-in-ml-50ml","37":"pa_size-in-ml-110ml","38":"tm-no-options","40":"first","41":"instock","42":"shipping-taxable","43":"purchasable","44":"product-type-variable"},"acf":[],"_links":{"self":[{"href":"https:\/\/mozz.gr\/en\/wp-json\/wp\/v2\/product\/20929","targetHints":{"allow":["GET"]}}],"collection":[{"href":"https:\/\/mozz.gr\/en\/wp-json\/wp\/v2\/product"}],"about":[{"href":"https:\/\/mozz.gr\/en\/wp-json\/wp\/v2\/types\/product"}],"wp:featuredmedia":[{"embeddable":true,"href":"https:\/\/mozz.gr\/en\/wp-json\/wp\/v2\/media\/17062"}],"wp:attachment":[{"href":"https:\/\/mozz.gr\/en\/wp-json\/wp\/v2\/media?parent=20929"}],"wp:term":[{"taxonomy":"product_brand","embeddable":true,"href":"https:\/\/mozz.gr\/en\/wp-json\/wp\/v2\/product_brand?post=20929"},{"taxonomy":"product_cat","embeddable":true,"href":"https:\/\/mozz.gr\/en\/wp-json\/wp\/v2\/product_cat?post=20929"},{"taxonomy":"product_tag","embeddable":true,"href":"https:\/\/mozz.gr\/en\/wp-json\/wp\/v2\/product_tag?post=20929"}],"curies":[{"name":"wp","href":"https:\/\/api.w.org\/{rel}","templated":true}]}}